{"id":3636,"date":"2015-06-01T15:03:26","date_gmt":"2015-06-01T14:03:26","guid":{"rendered":"http:\/\/hetnieuweroer.be\/fr\/disclaimer\/"},"modified":"2016-04-08T15:38:52","modified_gmt":"2016-04-08T14:38:52","slug":"disclaimer","status":"publish","type":"page","link":"https:\/\/hetnieuweroer.be\/fr\/disclaimer\/","title":{"rendered":"Disclaimer"},"content":{"rendered":"<h2>Informations Juridiques<\/h2>\n<p>Tout en ayant l\u2019intention de diffuser des informations actualis\u00e9es et exactes, nous ne pouvons garantir un r\u00e9sultat parfait. Nous rectifierons au plus vite les \u00e9ventuelles inexactitudes qui nous sont signal\u00e9es ; celles-ci ne peuvent \u00eatre consid\u00e9r\u00e9es comme \u00e9tant des documents valables en droit et peuvent contenir des imperfections de tout genre.<\/p>\n<p>Les informations sont livr\u00e9es sans aucune forme de garantie. Ni Het nieuwe roer\u00a0Verzekeringen ni le d\u00e9tenteur du pr\u00e9sent site Web ne peuvent \u00eatre rendus responsables de virus \u00e9ventuellement pr\u00e9sents sur le site en d\u00e9pit des mesures prises et d\u00e9clinent toute responsabilit\u00e9 de tous dommages r\u00e9sultant de ces virus. Het nieuwe roer Verzekeringen bvba se r\u00e9serve express\u00e9ment le droit de modifier \u00e0 tout moment les informations pr\u00e9sentes sur le site. Ni Het nieuwe roer Verzekeringen bvba, ni le d\u00e9tenteur du pr\u00e9sent site Web ne peuvent \u00eatre rendus responsables des informations pr\u00e9sentes sur le site et toute responsabilit\u00e9 de quelque dommage r\u00e9sultant de ou li\u00e9 \u00e0 l\u2019acc\u00e8s \u00e0\/l\u2019utilisation de ce site est d\u00e9clin\u00e9e explicitement. Le fonctionnement correct et\/ou ininterrompu des sites ne peut \u00eatre garanti.<\/p>\n<h3>Important<\/h3>\n<p>Les informations mentionn\u00e9es sur le site ne peuvent nullement \u00eatre consid\u00e9r\u00e9es comme une proposition d\u2019achat ou de vente de quelque services ou produits bancaires et \/ ou d\u2019assurances et\/ou d\u2019instruments financiers que ce soi(en)t. En outre, les informations ne peuvent \u00eatre consid\u00e9r\u00e9es comme repr\u00e9sentant un conseil juridique, comptable, fiscal ou autre ; mieux vaut les utiliser uniquement en combinaison avec des conseils ad\u00e9quats et professionnels. Vous pouvez toujours vous adresser \u00e0\u00a0notre agence\u00a0pour une offre et\/ou quelque autre conseil.<\/p>\n<p>Les documents que vous pouvez t\u00e9l\u00e9charger sur ce site Web ont \u00e9galement un caract\u00e8re purement informatif.<\/p>\n<h3>Liens vers d\u2019autres sites Web<\/h3>\n<p>certains documents pr\u00e9sents sur ce site contiennent des r\u00e9f\u00e9rences \u00e0 ou des suggestions d\u2019informations \u00e9manant d\u2019autres organisations. Het nieuwe roer Verzekeringen bvba ne peut garantir que ces informations externes sont significatives, actualis\u00e9es et exactes. Les compagnies d\u2019assurances, organisations et adresses Internet mentionn\u00e9es sur ce site sont choisies de mani\u00e8re objective, dans la seule intention de donner \u00e0 nos visiteurs de site les informations les plus significatives et les plus compl\u00e8tes possible. Nous ne pouvons toutefois garantir que les informations fournies sont compl\u00e8tes, pr\u00e9cises ou actualis\u00e9es.<\/p>\n<p>La mention de ces compagnies et \/ ou la r\u00e9f\u00e9rence \u00e0 des produits ne signifie(nt) aucunement que ces derniers sont recommand\u00e9s davantage par rapport \u00e0 ceux d\u2019autres entreprises ou produits similaires non mentionn\u00e9s sur notre site. Nous d\u00e9clinons toute responsabilit\u00e9 quant au contenu de tels sites.<\/p>\n<h3>Conseils par le biais du site Web<\/h3>\n<p>Au cas o\u00f9 il est donn\u00e9 directement ou indirectement, par le biais du site Web, des conseils relatifs \u00e0 la prise de d\u00e9cisions m\u00e9dicales, juridiques, financi\u00e8res ou autres personnelles ou d\u2019affaires, ces conseils sont donn\u00e9s sans aucune forme de garantie et sans que Het nieuwe roer Verzekeringen bvba ne puisse en \u00eatre rendue responsable. Un expert en la mati\u00e8re doit toujours \u00eatre consult\u00e9 pour des renseignements compl\u00e9mentaires relatifs au conseil touchant votre situation.<\/p>\n<p>La demande d\u2019informations ou d\u2019une offre par le biais des formulaires de contact disponibles sur ce site Web ne peut donner lieu \u00e0 quelque engagement d\u2019une des parties.<\/p>\n<h3>Droits de propri\u00e9t\u00e9 intellectuelle<\/h3>\n<p>Les textes, dessins, photos, films, images, donn\u00e9es, banques de donn\u00e9es, logiciel(s), appellations, noms commerciaux et de domaine, marques, logos et autres \u00e9l\u00e9ments de ce site sont prot\u00e9g\u00e9s par des droits intellectuels et appartiennent \u00e0 Het nieuwe roer Verzekeringen bvba. ou \u00e0 des tiers. Sans l\u2019autorisation \u00e9crite pr\u00e9alable de Het nieuwe roer Verzekeringen bvba, il est interdit de sauvegarder (autrement que n\u00e9cessaire pour pouvoir visualiser ce site Web) les informations propos\u00e9es sur et par le biais de ce site, de les reproduire, les modifier, les divulguer ou les envoyer, de les vendre, ni de les transf\u00e9rer ou d\u2019accorder \u00e0 des tiers quelque droit auxdites informations.<\/p>\n<h3>Utilisation non autoris\u00e9e du site web<\/h3>\n<p>Vous vous engagez e. a. \u00e0:<\/p>\n<p>1. Ne pas utiliser les informations ill\u00e9galement.<br \/>\n2. Ne pas utiliser le site Web de telle mani\u00e8re que ce dernier se trouve endommag\u00e9, d\u00e9natur\u00e9, interrompu, bloqu\u00e9 ou rendu moins efficace.<br \/>\n3. Ne pas utiliser le site Web pour la transmission ou le postage de virus informatiques, ni pour la transmission ou le postage de mat\u00e9riel ayant un caract\u00e8re offensant, obsc\u00e8ne ou mena\u00e7ant.<br \/>\n4. Ne pas utiliser le site Web d\u2019une mani\u00e8re enfreignant les droits d\u2019une personne naturelle ou juridique ou d\u2019une association telles que, entre autres mais pas exclusivement, les droits relatifs \u00e0 la vie priv\u00e9e et \u00e0 la propri\u00e9t\u00e9 intellectuelle.<\/p>\n<h2>Vie priv\u00e9e<\/h2>\n<p>Toutes les donn\u00e9es introduites par les utilisateurs de ce site sont trait\u00e9es par nos soins et utilis\u00e9es \u00e0 des fins internes ou pour pouvoir tenir l\u2019utilisateur au courant d\u2019offres de notre agence, ou encore pour informer l\u2019utilisateur d\u2019offres de tiers dont il est pr\u00e9sum\u00e9 qu\u2019elles sont susceptibles d\u2019int\u00e9resser l\u2019utilisateur. Nous pouvons \u00e9galement \u00e0 cette fin transmettre des donn\u00e9es personnelles \u00e0 des tiers, \u00e0 moins que l\u2019utilisateur n\u2019ait mentionn\u00e9 lors de son \u2026 de ne pas autoriser cette transmission de donn\u00e9es.<\/p>\n<p>Conform\u00e9ment \u00e0 la loi du 8 d\u00e9cembre 1992 portant la protection de la vie priv\u00e9e, il est possible \u00e0 tout instant de demander la possibilit\u00e9 de prendre connaissance des donn\u00e9es personnelles enregistr\u00e9es. Ces donn\u00e9es peuvent \u00eatre corrig\u00e9es sur simple demande.<\/p>\n<p>S\u2019il le souhaite, l\u2019utilisateur peut demander \u00e0 tout moment d\u2019\u00eatre ray\u00e9 des listes \u00e9tablies \u00e0 partir du traitement des donn\u00e9es personnelles . Pour obtenir la biffure, il lui suffit d\u2019envoyer un courriel \u00e0 notre adresse e-mail en mentionnant clairement son nom et son adresse de messagerie \u00e9lectronique. \u00c9tant donn\u00e9 le caract\u00e8re tr\u00e8s \u00e9volutif de la l\u00e9gislation sur la vie priv\u00e9e, le volet de ce site concernant la vie priv\u00e9e peut faire l\u2019objet d\u2019adaptations ; il est disponible \u00e0 tout moment sur ce site aux fins de consultation.<\/p>\n","protected":false},"excerpt":{"rendered":"<p>Informations Juridiques Tout en ayant l\u2019intention de diffuser des informations actualis\u00e9es et exactes, nous ne pouvons garantir un r\u00e9sultat parfait. Nous rectifierons au plus vite les \u00e9ventuelles inexactitudes qui nous sont signal\u00e9es ; celles-ci ne peuvent \u00eatre consid\u00e9r\u00e9es comme \u00e9tant des documents valables en droit et peuvent contenir des imperfections de tout genre. Les informations&#8230;<\/p>\n","protected":false},"author":1,"featured_media":0,"parent":0,"menu_order":0,"comment_status":"closed","ping_status":"closed","template":"","meta":{"_acf_changed":false,"footnotes":""},"class_list":["post-3636","page","type-page","status-publish","hentry"],"acf":[],"_links":{"self":[{"href":"https:\/\/hetnieuweroer.be\/fr\/wp-json\/wp\/v2\/pages\/3636\/"}],"collection":[{"href":"https:\/\/hetnieuweroer.be\/fr\/wp-json\/wp\/v2\/pages\/"}],"about":[{"href":"https:\/\/hetnieuweroer.be\/fr\/wp-json\/wp\/v2\/types\/page\/"}],"author":[{"embeddable":true,"href":"https:\/\/hetnieuweroer.be\/fr\/wp-json\/wp\/v2\/users\/1\/"}],"replies":[{"embeddable":true,"href":"https:\/\/hetnieuweroer.be\/fr\/wp-json\/wp\/v2\/comments\/?post=3636"}],"version-history":[{"count":2,"href":"https:\/\/hetnieuweroer.be\/fr\/wp-json\/wp\/v2\/pages\/3636\/revisions\/"}],"predecessor-version":[{"id":3641,"href":"https:\/\/hetnieuweroer.be\/fr\/wp-json\/wp\/v2\/pages\/3636\/revisions\/3641\/"}],"wp:attachment":[{"href":"https:\/\/hetnieuweroer.be\/fr\/wp-json\/wp\/v2\/media\/?parent=3636"}],"curies":[{"name":"wp","href":"https:\/\/api.w.org\/{rel}","templated":true}]}}