{"id":3579,"date":"2015-06-03T14:32:29","date_gmt":"2015-06-03T13:32:29","guid":{"rendered":"http:\/\/hetnieuweroer.be\/?page_id=3579"},"modified":"2016-04-08T15:17:05","modified_gmt":"2016-04-08T14:17:05","slug":"autoschade","status":"publish","type":"page","link":"https:\/\/hetnieuweroer.be\/fr\/autoschade\/","title":{"rendered":"Autoschade"},"content":{"rendered":"<div id=\"pl-3579\"  class=\"panel-layout\" ><div id=\"pg-3579-0\"  class=\"panel-grid panel-no-style\" ><div id=\"pgc-3579-0-0\"  class=\"panel-grid-cell\" ><div id=\"panel-3579-0-0-0\" class=\"so-panel widget widget_black-studio-tinymce widget_black_studio_tinymce panel-first-child panel-last-child\" data-index=\"0\" ><div class=\"textwidget\"><h1>Sinistre auto<\/h1>\n<p>\n<div class=\"wpcf7 no-js\" id=\"wpcf7-f3625-o1\" lang=\"nl-NL\" dir=\"ltr\" data-wpcf7-id=\"3625\">\n<div class=\"screen-reader-response\"><p role=\"status\" aria-live=\"polite\" aria-atomic=\"true\"><\/p> <ul><\/ul><\/div>\n<form action=\"\/fr\/wp-json\/wp\/v2\/pages\/3579\/#wpcf7-f3625-o1\" method=\"post\" class=\"wpcf7-form init\" aria-label=\"Contactformulier\" enctype=\"multipart\/form-data\" novalidate=\"novalidate\" data-status=\"init\">\n<fieldset class=\"hidden-fields-container\"><input type=\"hidden\" name=\"_wpcf7\" value=\"3625\" \/><input type=\"hidden\" name=\"_wpcf7_version\" value=\"6.1.5\" \/><input type=\"hidden\" name=\"_wpcf7_locale\" value=\"nl_NL\" \/><input type=\"hidden\" name=\"_wpcf7_unit_tag\" value=\"wpcf7-f3625-o1\" \/><input type=\"hidden\" name=\"_wpcf7_container_post\" value=\"0\" \/><input type=\"hidden\" name=\"_wpcf7_posted_data_hash\" value=\"\" \/><input type=\"hidden\" name=\"_wpcf7_recaptcha_response\" value=\"\" \/>\n<\/fieldset>\n<h3>Conducteur\n<\/h3>\n<div class=\"form-group\">\n\t<p><label for=\"firstname\">Pr\u00e9nom *<\/label><br \/>\n<span class=\"wpcf7-form-control-wrap\" data-name=\"firstname\"><input size=\"40\" maxlength=\"400\" class=\"wpcf7-form-control wpcf7-text wpcf7-validates-as-required input form-control\" id=\"firstname\" aria-required=\"true\" aria-invalid=\"false\" value=\"\" type=\"text\" name=\"firstname\" \/><\/span>\n\t<\/p>\n<\/div>\n<div class=\"form-group\">\n\t<p><label for=\"lastname\">Nom *<\/label><br \/>\n<span class=\"wpcf7-form-control-wrap\" data-name=\"lastname\"><input size=\"40\" maxlength=\"400\" class=\"wpcf7-form-control wpcf7-text wpcf7-validates-as-required input form-control\" id=\"lastname\" aria-required=\"true\" aria-invalid=\"false\" value=\"\" type=\"text\" name=\"lastname\" \/><\/span>\n\t<\/p>\n<\/div>\n<div class=\"form-group\">\n\t<p><label for=\"street\">Rue *<\/label><br \/>\n<span class=\"wpcf7-form-control-wrap\" data-name=\"street\"><input size=\"40\" maxlength=\"400\" class=\"wpcf7-form-control wpcf7-text wpcf7-validates-as-required input form-control\" id=\"street\" aria-required=\"true\" aria-invalid=\"false\" value=\"\" type=\"text\" name=\"street\" \/><\/span>\n\t<\/p>\n<\/div>\n<div class=\"form-group\">\n\t<p><label for=\"postal\">Code postal *<\/label><br \/>\n<span class=\"wpcf7-form-control-wrap\" data-name=\"postal\"><input size=\"40\" maxlength=\"400\" class=\"wpcf7-form-control wpcf7-text wpcf7-validates-as-required input form-control\" id=\"postal\" aria-required=\"true\" aria-invalid=\"false\" value=\"\" type=\"text\" name=\"postal\" \/><\/span>\n\t<\/p>\n<\/div>\n<div class=\"form-group\">\n\t<p><label for=\"city\">Commune *<\/label><br \/>\n<span class=\"wpcf7-form-control-wrap\" data-name=\"city\"><input size=\"40\" maxlength=\"400\" class=\"wpcf7-form-control wpcf7-text wpcf7-validates-as-required input form-control\" id=\"city\" aria-required=\"true\" aria-invalid=\"false\" value=\"\" type=\"text\" name=\"city\" \/><\/span>\n\t<\/p>\n<\/div>\n<hr \/>\n<h3>Preneur\n<\/h3>\n<div class=\"form-group\">\n\t<p><label for=\"firstname-ass\">Pr\u00e9nom *<\/label><br \/>\n<span class=\"wpcf7-form-control-wrap\" data-name=\"firstname-ass\"><input size=\"40\" maxlength=\"400\" class=\"wpcf7-form-control wpcf7-text input form-control\" id=\"firstname-ass\" aria-invalid=\"false\" value=\"\" type=\"text\" name=\"firstname-ass\" \/><\/span>\n\t<\/p>\n<\/div>\n<div class=\"form-group\">\n\t<p><label for=\"lastname-ass\">Nom *<\/label><br \/>\n<span class=\"wpcf7-form-control-wrap\" data-name=\"lastname-ass\"><input size=\"40\" maxlength=\"400\" class=\"wpcf7-form-control wpcf7-text input form-control\" id=\"lastname-ass\" aria-invalid=\"false\" value=\"\" type=\"text\" name=\"lastname-ass\" \/><\/span>\n\t<\/p>\n<\/div>\n<div class=\"form-group\">\n\t<p><label for=\"street-ass\">Rue *<\/label><br \/>\n<span class=\"wpcf7-form-control-wrap\" data-name=\"street-ass\"><input size=\"40\" maxlength=\"400\" class=\"wpcf7-form-control wpcf7-text input form-control\" id=\"street-ass\" aria-invalid=\"false\" value=\"\" type=\"text\" name=\"street-ass\" \/><\/span>\n\t<\/p>\n<\/div>\n<div class=\"form-group\">\n\t<p><label for=\"postal-ass\">Code postal *<\/label><br \/>\n<span class=\"wpcf7-form-control-wrap\" data-name=\"postal-ass\"><input size=\"40\" maxlength=\"400\" class=\"wpcf7-form-control wpcf7-text input form-control\" id=\"postal-ass\" aria-invalid=\"false\" value=\"\" type=\"text\" name=\"postal-ass\" \/><\/span>\n\t<\/p>\n<\/div>\n<div class=\"form-group\">\n\t<p><label for=\"city-ass\">Commune *<\/label><br \/>\n<span class=\"wpcf7-form-control-wrap\" data-name=\"city-ass\"><input size=\"40\" maxlength=\"400\" class=\"wpcf7-form-control wpcf7-text input form-control\" id=\"city-ass\" aria-invalid=\"false\" value=\"\" type=\"text\" name=\"city-ass\" \/><\/span>\n\t<\/p>\n<\/div>\n<div class=\"form-group\">\n\t<p><label for=\"telnr-ass\">Tel *<\/label><br \/>\n<span class=\"wpcf7-form-control-wrap\" data-name=\"telnr-ass\"><input size=\"40\" maxlength=\"400\" class=\"wpcf7-form-control wpcf7-text input form-control\" id=\"telnr-ass\" aria-invalid=\"false\" value=\"\" type=\"text\" name=\"telnr-ass\" \/><\/span>\n\t<\/p>\n<\/div>\n<div class=\"form-group\">\n\t<p><label for=\"mail-ass\">E-mail *<\/label><br \/>\n<span class=\"wpcf7-form-control-wrap\" data-name=\"mail-ass\"><input size=\"40\" maxlength=\"400\" class=\"wpcf7-form-control wpcf7-text input form-control\" id=\"mail-ass\" aria-invalid=\"false\" value=\"\" type=\"text\" name=\"mail-ass\" \/><\/span>\n\t<\/p>\n<\/div>\n<div class=\"form-group\">\n\t<p><label for=\"polis-ass\">Num\u00e9ro de police<\/label><br \/>\n<span class=\"wpcf7-form-control-wrap\" data-name=\"polis-ass\"><input size=\"40\" maxlength=\"400\" class=\"wpcf7-form-control wpcf7-text input form-control\" id=\"polis-ass\" aria-invalid=\"false\" value=\"\" type=\"text\" name=\"polis-ass\" \/><\/span>\n\t<\/p>\n<\/div>\n<hr \/>\n<h3>Informations sur les dommages de voiture\n<\/h3>\n<div class=\"form-group\">\n\t<p><strong><label for=\"aanrijdingsform\">Avez-vous rempli une d\u00e9claration d'accident europ\u00e9enne?<\/label><\/strong><br \/>\n<span class=\"wpcf7-form-control-wrap\" data-name=\"aanrijdingsform\"><span class=\"wpcf7-form-control wpcf7-checkbox\" id=\"aanrijdingsform\"><span class=\"wpcf7-list-item first\"><input type=\"checkbox\" name=\"aanrijdingsform[]\" value=\"Qui\" \/><span class=\"wpcf7-list-item-label\">Qui<\/span><\/span><span class=\"wpcf7-list-item last\"><input type=\"checkbox\" name=\"aanrijdingsform[]\" value=\"Non\" \/><span class=\"wpcf7-list-item-label\">Non<\/span><\/span><\/span><\/span>\n\t<\/p>\n<\/div>\n<div class=\"form-group\">\n\t<p><strong>Si oui, s'il vous pla\u00eet t\u00e9l\u00e9charger jusqu'\u00e0:<\/strong><br \/>\n<label>Avant:<\/label><br \/>\n<span class=\"wpcf7-form-control-wrap\" data-name=\"aanrijdingsformulier-vk\"><input size=\"40\" class=\"wpcf7-form-control wpcf7-file input form-control\" accept=\"audio\/*,video\/*,image\/*\" aria-invalid=\"false\" type=\"file\" name=\"aanrijdingsformulier-vk\" \/><\/span>\n\t<\/p>\n<\/div>\n<div class=\"form-group\">\n\t<p><label>Arri\u00e8re:<\/label><br \/>\n<span class=\"wpcf7-form-control-wrap\" data-name=\"aanrijdingsformulier-ak\"><input size=\"40\" class=\"wpcf7-form-control wpcf7-file input form-control\" accept=\"audio\/*,video\/*,image\/*\" aria-invalid=\"false\" type=\"file\" name=\"aanrijdingsformulier-ak\" \/><\/span>\n\t<\/p>\n<\/div>\n<hr \/>\n<h3>Informations additionnelles\n<\/h3>\n<div class=\"form-group\">\n\t<p><strong><label for=\"inrecht\">Pensez-vous que vous avez raison?<\/label><\/strong><br \/>\n<span class=\"wpcf7-form-control-wrap\" data-name=\"inrecht\"><span class=\"wpcf7-form-control wpcf7-checkbox\" id=\"inrecht\"><span class=\"wpcf7-list-item first\"><input type=\"checkbox\" name=\"inrecht[]\" value=\"Qui\" \/><span class=\"wpcf7-list-item-label\">Qui<\/span><\/span><span class=\"wpcf7-list-item\"><input type=\"checkbox\" name=\"inrecht[]\" value=\"Non\" \/><span class=\"wpcf7-list-item-label\">Non<\/span><\/span><span class=\"wpcf7-list-item last\"><input type=\"checkbox\" name=\"inrecht[]\" value=\"Aucune idee\" \/><span class=\"wpcf7-list-item-label\">Aucune idee<\/span><\/span><\/span><\/span>\n\t<\/p>\n<\/div>\n<div class=\"form-group\">\n\t<p><strong><label for=\"omniumverzekering\">Avez-vous une assurance compl\u00e8te?<\/label><\/strong><br \/>\n<span class=\"wpcf7-form-control-wrap\" data-name=\"omniumverzekering\"><span class=\"wpcf7-form-control wpcf7-checkbox\" id=\"omniumverzekering\"><span class=\"wpcf7-list-item first\"><input type=\"checkbox\" name=\"omniumverzekering[]\" value=\"Qui\" \/><span class=\"wpcf7-list-item-label\">Qui<\/span><\/span><span class=\"wpcf7-list-item last\"><input type=\"checkbox\" name=\"omniumverzekering[]\" value=\"Non\" \/><span class=\"wpcf7-list-item-label\">Non<\/span><\/span><\/span><\/span>\n\t<\/p>\n<\/div>\n<div class=\"form-group\">\n\t<p><strong><label for=\"btwformulier\">Se il vous pla\u00eet soumettre le formulaire de TVA (T\u00e9l\u00e9charger) compl\u00e8tement et aussi \u00e0 t\u00e9l\u00e9charger.<\/label><\/strong><br \/>\n<span class=\"wpcf7-form-control-wrap\" data-name=\"btwformulier\"><input size=\"40\" class=\"wpcf7-form-control wpcf7-file input form-control\" id=\"btwformulier\" accept=\"audio\/*,video\/*,image\/*\" aria-invalid=\"false\" type=\"file\" name=\"btwformulier\" \/><\/span>\n\t<\/p>\n<\/div>\n<hr \/>\n<h3>Remarques\n<\/h3>\n<p><span class=\"wpcf7-form-control-wrap\" data-name=\"opmerkingen\"><textarea cols=\"40\" rows=\"10\" maxlength=\"2000\" class=\"wpcf7-form-control wpcf7-textarea input form-control\" id=\"opmerkingen\" aria-invalid=\"false\" name=\"opmerkingen\"><\/textarea><\/span>\n<\/p>\n<div class=\"form-group\">\n\t<p><button type=\"submit\" class=\"btn btn-form\">Envoyer dommage de d\u00e9claration<\/button>\n\t<\/p>\n<\/div><div class=\"wpcf7-response-output\" aria-hidden=\"true\"><\/div>\n<\/form>\n<\/div>\n<\/p>\n<\/div><\/div><\/div><div id=\"pgc-3579-0-1\"  class=\"panel-grid-cell\" ><div id=\"panel-3579-0-1-0\" class=\"so-panel widget widget_nav_menu panel-first-child panel-last-child\" data-index=\"1\" ><div class=\"aside-nav-blok panel-widget-style panel-widget-style-for-3579-0-1-0\" ><h3 class=\"widget-title\">D\u00e9clarer des sinistres<\/h3><div class=\"menu-declarer-des-sinistres-en-ligne-container\"><ul id=\"menu-declarer-des-sinistres-en-ligne\" class=\"menu\"><li id=\"menu-item-3600\" class=\"menu-item menu-item-type-post_type menu-item-object-page menu-item-3600\"><a href=\"https:\/\/hetnieuweroer.be\/fr\/autoschade\/\">Auto<\/a><\/li>\n<li id=\"menu-item-3599\" class=\"menu-item menu-item-type-post_type menu-item-object-page menu-item-3599\"><a href=\"https:\/\/hetnieuweroer.be\/fr\/brandfamiliale-schade\/\">Incendie\/familiale<\/a><\/li>\n<li id=\"menu-item-3598\" class=\"menu-item menu-item-type-post_type menu-item-object-page menu-item-3598\"><a href=\"https:\/\/hetnieuweroer.be\/fr\/overige-schade\/\">Autre<\/a><\/li>\n<\/ul><\/div><\/div><\/div><\/div><\/div><\/div>","protected":false},"excerpt":{"rendered":"<p>Sinistre auto<\/p>\n","protected":false},"author":1,"featured_media":2714,"parent":0,"menu_order":0,"comment_status":"closed","ping_status":"closed","template":"","meta":{"_acf_changed":false,"footnotes":""},"class_list":["post-3579","page","type-page","status-publish","has-post-thumbnail","hentry"],"acf":[],"_links":{"self":[{"href":"https:\/\/hetnieuweroer.be\/fr\/wp-json\/wp\/v2\/pages\/3579\/"}],"collection":[{"href":"https:\/\/hetnieuweroer.be\/fr\/wp-json\/wp\/v2\/pages\/"}],"about":[{"href":"https:\/\/hetnieuweroer.be\/fr\/wp-json\/wp\/v2\/types\/page\/"}],"author":[{"embeddable":true,"href":"https:\/\/hetnieuweroer.be\/fr\/wp-json\/wp\/v2\/users\/1\/"}],"replies":[{"embeddable":true,"href":"https:\/\/hetnieuweroer.be\/fr\/wp-json\/wp\/v2\/comments\/?post=3579"}],"version-history":[{"count":3,"href":"https:\/\/hetnieuweroer.be\/fr\/wp-json\/wp\/v2\/pages\/3579\/revisions\/"}],"predecessor-version":[{"id":3601,"href":"https:\/\/hetnieuweroer.be\/fr\/wp-json\/wp\/v2\/pages\/3579\/revisions\/3601\/"}],"wp:featuredmedia":[{"embeddable":true,"href":"https:\/\/hetnieuweroer.be\/fr\/wp-json\/wp\/v2\/media\/2714\/"}],"wp:attachment":[{"href":"https:\/\/hetnieuweroer.be\/fr\/wp-json\/wp\/v2\/media\/?parent=3579"}],"curies":[{"name":"wp","href":"https:\/\/api.w.org\/{rel}","templated":true}]}}