{"id":3576,"date":"2015-06-03T14:33:01","date_gmt":"2015-06-03T13:33:01","guid":{"rendered":"http:\/\/hetnieuweroer.be\/?page_id=3576"},"modified":"2016-04-08T15:13:55","modified_gmt":"2016-04-08T14:13:55","slug":"brandfamiliale-schade","status":"publish","type":"page","link":"https:\/\/hetnieuweroer.be\/fr\/brandfamiliale-schade\/","title":{"rendered":"Brand\/familiale schade"},"content":{"rendered":"<div id=\"pl-3576\"  class=\"panel-layout\" ><div id=\"pg-3576-0\"  class=\"panel-grid panel-no-style\" ><div id=\"pgc-3576-0-0\"  class=\"panel-grid-cell\" ><div id=\"panel-3576-0-0-0\" class=\"so-panel widget widget_black-studio-tinymce widget_black_studio_tinymce panel-first-child panel-last-child\" data-index=\"0\" ><div class=\"textwidget\"><h1>Sinistre Incendie \/ Familiale<\/h1>\n<p>\n<div class=\"wpcf7 no-js\" id=\"wpcf7-f3621-o1\" lang=\"nl-NL\" dir=\"ltr\" data-wpcf7-id=\"3621\">\n<div class=\"screen-reader-response\"><p role=\"status\" aria-live=\"polite\" aria-atomic=\"true\"><\/p> <ul><\/ul><\/div>\n<form action=\"\/fr\/wp-json\/wp\/v2\/pages\/3576\/#wpcf7-f3621-o1\" method=\"post\" class=\"wpcf7-form init\" aria-label=\"Contactformulier\" enctype=\"multipart\/form-data\" novalidate=\"novalidate\" data-status=\"init\">\n<fieldset class=\"hidden-fields-container\"><input type=\"hidden\" name=\"_wpcf7\" value=\"3621\" \/><input type=\"hidden\" name=\"_wpcf7_version\" value=\"6.1.5\" \/><input type=\"hidden\" name=\"_wpcf7_locale\" value=\"nl_NL\" \/><input type=\"hidden\" name=\"_wpcf7_unit_tag\" value=\"wpcf7-f3621-o1\" \/><input type=\"hidden\" name=\"_wpcf7_container_post\" value=\"0\" \/><input type=\"hidden\" name=\"_wpcf7_posted_data_hash\" value=\"\" \/><input type=\"hidden\" name=\"_wpcf7_recaptcha_response\" value=\"\" \/>\n<\/fieldset>\n<h3>Preneur\n<\/h3>\n<div class=\"form-group\">\n\t<p><label for=\"firstname\">Pr\u00e9nom *<\/label><br \/>\n<span class=\"wpcf7-form-control-wrap\" data-name=\"firstname\"><input size=\"40\" maxlength=\"400\" class=\"wpcf7-form-control wpcf7-text wpcf7-validates-as-required input form-control\" id=\"firstname\" aria-required=\"true\" aria-invalid=\"false\" value=\"\" type=\"text\" name=\"firstname\" \/><\/span>\n\t<\/p>\n<\/div>\n<div class=\"form-group\">\n\t<p><label for=\"lastname\">Nom *<\/label><br \/>\n<span class=\"wpcf7-form-control-wrap\" data-name=\"lastname\"><input size=\"40\" maxlength=\"400\" class=\"wpcf7-form-control wpcf7-text wpcf7-validates-as-required input form-control\" id=\"lastname\" aria-required=\"true\" aria-invalid=\"false\" value=\"\" type=\"text\" name=\"lastname\" \/><\/span>\n\t<\/p>\n<\/div>\n<div class=\"form-group\">\n\t<p><label for=\"street\">Rue *<\/label><br \/>\n<span class=\"wpcf7-form-control-wrap\" data-name=\"street\"><input size=\"40\" maxlength=\"400\" class=\"wpcf7-form-control wpcf7-text wpcf7-validates-as-required input form-control\" id=\"street\" aria-required=\"true\" aria-invalid=\"false\" value=\"\" type=\"text\" name=\"street\" \/><\/span>\n\t<\/p>\n<\/div>\n<div class=\"form-group\">\n\t<p><label for=\"postal\">Code postal *<\/label><br \/>\n<span class=\"wpcf7-form-control-wrap\" data-name=\"postal\"><input size=\"40\" maxlength=\"400\" class=\"wpcf7-form-control wpcf7-text wpcf7-validates-as-required input form-control\" id=\"postal\" aria-required=\"true\" aria-invalid=\"false\" value=\"\" type=\"text\" name=\"postal\" \/><\/span>\n\t<\/p>\n<\/div>\n<div class=\"form-group\">\n\t<p><label for=\"city\">Commune *<\/label><br \/>\n<span class=\"wpcf7-form-control-wrap\" data-name=\"city\"><input size=\"40\" maxlength=\"400\" class=\"wpcf7-form-control wpcf7-text wpcf7-validates-as-required input form-control\" id=\"city\" aria-required=\"true\" aria-invalid=\"false\" value=\"\" type=\"text\" name=\"city\" \/><\/span>\n\t<\/p>\n<\/div>\n<div class=\"form-group\">\n\t<p><label for=\"telnr\">Tel. *<\/label><br \/>\n<span class=\"wpcf7-form-control-wrap\" data-name=\"telnr\"><input size=\"40\" maxlength=\"400\" class=\"wpcf7-form-control wpcf7-text wpcf7-validates-as-required input form-control\" id=\"telnr\" aria-required=\"true\" aria-invalid=\"false\" value=\"\" type=\"text\" name=\"telnr\" \/><\/span>\n\t<\/p>\n<\/div>\n<div class=\"form-group\">\n\t<p><label for=\"mail\">E-mail *<\/label><br \/>\n<span class=\"wpcf7-form-control-wrap\" data-name=\"mail\"><input size=\"40\" maxlength=\"400\" class=\"wpcf7-form-control wpcf7-text wpcf7-validates-as-required input form-control\" id=\"mail\" aria-required=\"true\" aria-invalid=\"false\" value=\"\" type=\"text\" name=\"mail\" \/><\/span>\n\t<\/p>\n<\/div>\n<div class=\"form-group\">\n\t<p><label for=\"polis\">Num\u00e9ro de police<\/label><br \/>\n<span class=\"wpcf7-form-control-wrap\" data-name=\"polis\"><input size=\"40\" maxlength=\"400\" class=\"wpcf7-form-control wpcf7-text input form-control\" id=\"polis\" aria-invalid=\"false\" value=\"\" type=\"text\" name=\"polis\" \/><\/span>\n\t<\/p>\n<\/div>\n<hr \/>\n<h3>Homologue\n<\/h3>\n<div class=\"form-group\">\n\t<p><label for=\"firstname-t\">Pr\u00e9nom<\/label><br \/>\n<span class=\"wpcf7-form-control-wrap\" data-name=\"firstname-t\"><input size=\"40\" maxlength=\"400\" class=\"wpcf7-form-control wpcf7-text input form-control\" id=\"firstname-t\" aria-invalid=\"false\" value=\"\" type=\"text\" name=\"firstname-t\" \/><\/span>\n\t<\/p>\n<\/div>\n<div class=\"form-group\">\n\t<p><label for=\"lastname-t\">Nom<\/label><br \/>\n<span class=\"wpcf7-form-control-wrap\" data-name=\"lastname-t\"><input size=\"40\" maxlength=\"400\" class=\"wpcf7-form-control wpcf7-text input form-control\" id=\"lastname-t\" aria-invalid=\"false\" value=\"\" type=\"text\" name=\"lastname-t\" \/><\/span>\n\t<\/p>\n<\/div>\n<div class=\"form-group\">\n\t<p><label for=\"street-t\">Rue<\/label><br \/>\n<span class=\"wpcf7-form-control-wrap\" data-name=\"street-t\"><input size=\"40\" maxlength=\"400\" class=\"wpcf7-form-control wpcf7-text input form-control\" id=\"street-t\" aria-invalid=\"false\" value=\"\" type=\"text\" name=\"street-t\" \/><\/span>\n\t<\/p>\n<\/div>\n<div class=\"form-group\">\n\t<p><label for=\"postal-t\">Code postal<\/label><br \/>\n<span class=\"wpcf7-form-control-wrap\" data-name=\"postal-t\"><input size=\"40\" maxlength=\"400\" class=\"wpcf7-form-control wpcf7-text input form-control\" id=\"postal-t\" aria-invalid=\"false\" value=\"\" type=\"text\" name=\"postal-t\" \/><\/span>\n\t<\/p>\n<\/div>\n<div class=\"form-group\">\n\t<p><label for=\"city-t\">Commune<\/label><br \/>\n<span class=\"wpcf7-form-control-wrap\" data-name=\"city-t\"><input size=\"40\" maxlength=\"400\" class=\"wpcf7-form-control wpcf7-text input form-control\" id=\"city-t\" aria-invalid=\"false\" value=\"\" type=\"text\" name=\"city-t\" \/><\/span>\n\t<\/p>\n<\/div>\n<div class=\"form-group\">\n\t<p><label for=\"telnr-t\">Tel.<\/label><br \/>\n<span class=\"wpcf7-form-control-wrap\" data-name=\"telnr-t\"><input size=\"40\" maxlength=\"400\" class=\"wpcf7-form-control wpcf7-text input form-control\" id=\"telnr-t\" aria-invalid=\"false\" value=\"\" type=\"text\" name=\"telnr-t\" \/><\/span>\n\t<\/p>\n<\/div>\n<div class=\"form-group\">\n\t<p><label for=\"mail-t\">E-mail<\/label><br \/>\n<span class=\"wpcf7-form-control-wrap\" data-name=\"mail-t\"><input size=\"40\" maxlength=\"400\" class=\"wpcf7-form-control wpcf7-text input form-control\" id=\"mail-t\" aria-invalid=\"false\" value=\"\" type=\"text\" name=\"mail-t\" \/><\/span>\n\t<\/p>\n<\/div>\n<div class=\"form-group\">\n\t<p><label for=\"polis-t\">Num\u00e9ro de police<\/label><br \/>\n<span class=\"wpcf7-form-control-wrap\" data-name=\"polis-t\"><input size=\"40\" maxlength=\"400\" class=\"wpcf7-form-control wpcf7-text input form-control\" id=\"polis-t\" aria-invalid=\"false\" value=\"\" type=\"text\" name=\"polis-t\" \/><\/span>\n\t<\/p>\n<\/div>\n<hr \/>\n<h3>Dommage\n<\/h3>\n<div class=\"form-group\">\n\t<p><label for=\"dp\">Date + Lieu<\/label><br \/>\n<span class=\"wpcf7-form-control-wrap\" data-name=\"dp\"><input size=\"40\" maxlength=\"400\" class=\"wpcf7-form-control wpcf7-text input form-control\" id=\"dp\" aria-invalid=\"false\" value=\"\" type=\"text\" name=\"dp\" \/><\/span>\n\t<\/p>\n<\/div>\n<div class=\"form-group\">\n\t<p><label for=\"bijlage\">T\u00e9l\u00e9charger la pi\u00e8ce jointe<\/label><br \/>\n<span class=\"wpcf7-form-control-wrap\" data-name=\"bijlage\"><input size=\"40\" class=\"wpcf7-form-control wpcf7-file form-control\" id=\"bijlage\" accept=\"audio\/*,video\/*,image\/*\" aria-invalid=\"false\" type=\"file\" name=\"bijlage\" \/><\/span>\n\t<\/p>\n<\/div>\n<div class=\"form-group\">\n\t<p><label for=\"omstandigheden\">Conditions<\/label><br \/>\n<span class=\"wpcf7-form-control-wrap\" data-name=\"omstandigheden\"><textarea cols=\"40\" rows=\"10\" maxlength=\"2000\" class=\"wpcf7-form-control wpcf7-textarea input form-control\" id=\"omstandigheden\" aria-invalid=\"false\" name=\"omstandigheden\"><\/textarea><\/span>\n\t<\/p>\n<\/div>\n<div class=\"form-group\">\n\t<p><button type=\"submit\" class=\"btn btn-form\">Envoyer dommage de d\u00e9claration<\/button>\n\t<\/p>\n<\/div><div class=\"wpcf7-response-output\" aria-hidden=\"true\"><\/div>\n<\/form>\n<\/div>\n<\/p>\n<\/div><\/div><\/div><div id=\"pgc-3576-0-1\"  class=\"panel-grid-cell\" ><div id=\"panel-3576-0-1-0\" class=\"so-panel widget widget_nav_menu panel-first-child panel-last-child\" data-index=\"1\" ><div class=\"aside-nav-blok panel-widget-style panel-widget-style-for-3576-0-1-0\" ><h3 class=\"widget-title\">D\u00e9clarer des sinistres<\/h3><div class=\"menu-declarer-des-sinistres-en-ligne-container\"><ul id=\"menu-declarer-des-sinistres-en-ligne\" class=\"menu\"><li id=\"menu-item-3600\" class=\"menu-item menu-item-type-post_type menu-item-object-page menu-item-3600\"><a href=\"https:\/\/hetnieuweroer.be\/fr\/autoschade\/\">Auto<\/a><\/li>\n<li id=\"menu-item-3599\" class=\"menu-item menu-item-type-post_type menu-item-object-page menu-item-3599\"><a href=\"https:\/\/hetnieuweroer.be\/fr\/brandfamiliale-schade\/\">Incendie\/familiale<\/a><\/li>\n<li id=\"menu-item-3598\" class=\"menu-item menu-item-type-post_type menu-item-object-page menu-item-3598\"><a href=\"https:\/\/hetnieuweroer.be\/fr\/overige-schade\/\">Autre<\/a><\/li>\n<\/ul><\/div><\/div><\/div><\/div><\/div><\/div>","protected":false},"excerpt":{"rendered":"<p>Sinistre Incendie \/ Familiale<\/p>\n","protected":false},"author":1,"featured_media":2715,"parent":0,"menu_order":0,"comment_status":"closed","ping_status":"closed","template":"","meta":{"_acf_changed":false,"footnotes":""},"class_list":["post-3576","page","type-page","status-publish","has-post-thumbnail","hentry"],"acf":[],"_links":{"self":[{"href":"https:\/\/hetnieuweroer.be\/fr\/wp-json\/wp\/v2\/pages\/3576\/"}],"collection":[{"href":"https:\/\/hetnieuweroer.be\/fr\/wp-json\/wp\/v2\/pages\/"}],"about":[{"href":"https:\/\/hetnieuweroer.be\/fr\/wp-json\/wp\/v2\/types\/page\/"}],"author":[{"embeddable":true,"href":"https:\/\/hetnieuweroer.be\/fr\/wp-json\/wp\/v2\/users\/1\/"}],"replies":[{"embeddable":true,"href":"https:\/\/hetnieuweroer.be\/fr\/wp-json\/wp\/v2\/comments\/?post=3576"}],"version-history":[{"count":4,"href":"https:\/\/hetnieuweroer.be\/fr\/wp-json\/wp\/v2\/pages\/3576\/revisions\/"}],"predecessor-version":[{"id":3622,"href":"https:\/\/hetnieuweroer.be\/fr\/wp-json\/wp\/v2\/pages\/3576\/revisions\/3622\/"}],"wp:featuredmedia":[{"embeddable":true,"href":"https:\/\/hetnieuweroer.be\/fr\/wp-json\/wp\/v2\/media\/2715\/"}],"wp:attachment":[{"href":"https:\/\/hetnieuweroer.be\/fr\/wp-json\/wp\/v2\/media\/?parent=3576"}],"curies":[{"name":"wp","href":"https:\/\/api.w.org\/{rel}","templated":true}]}}