{"id":3477,"date":"2015-10-07T08:41:28","date_gmt":"2015-10-07T07:41:28","guid":{"rendered":"http:\/\/hetnieuweroer.be\/fr\/bond-van-eigenschippers\/"},"modified":"2018-03-27T15:24:50","modified_gmt":"2018-03-27T14:24:50","slug":"bond-van-eigenschippers","status":"publish","type":"page","link":"https:\/\/hetnieuweroer.be\/fr\/bond-van-eigenschippers\/","title":{"rendered":"Union des Bateliers Artisans"},"content":{"rendered":"<div id=\"pl-3477\"  class=\"panel-layout\" ><div id=\"pg-3477-0\"  class=\"panel-grid panel-has-style\" ><div class=\"row-margin-top panel-row-style panel-row-style-for-3477-0\" ><div id=\"pgc-3477-0-0\"  class=\"panel-grid-cell\" ><div id=\"panel-3477-0-0-0\" class=\"so-panel widget widget_black-studio-tinymce widget_black_studio_tinymce panel-first-child panel-last-child\" data-index=\"0\" ><div class=\"textwidget\"><div class=\"center-text\">\n<h1>Union des Batelies Artisans<\/h1>\n<p>L\u2019Union des Bateliers Artisans ou l\u2019<strong>\"Union de Bruges\"<\/strong>, comme on appelle aussi parfois l'association dans le milieu batelier, a connu une histoire mouvement\u00e9e, mais pr\u00e9cis\u00e9ment, gr\u00e2ce \u00e0 cette riche exp\u00e9rience, l'association garantit un avenir f\u00e9cond ...<br \/>\n<a class=\"btn-third\" href=\"\/fr\/bond-van-eigenschippers\/geschiedenis\/\" title=\"Lees meer\" style=\"margin-top:30px;\">lire plus<\/a>\n<\/div>\n<\/div><\/div><\/div><\/div><\/div><div id=\"pg-3477-1\"  class=\"panel-grid panel-has-style\" ><div class=\"inner-shadow siteorigin-panels-stretch panel-row-style panel-row-style-for-3477-1\" data-stretch-type=\"full-stretched\" ><div id=\"pgc-3477-1-0\"  class=\"panel-grid-cell\" ><div id=\"panel-3477-1-0-0\" class=\"so-panel widget panel-first-child panel-last-child\" data-index=\"1\" ><\/div><\/div><\/div><\/div><\/div>","protected":false},"excerpt":{"rendered":"<p>Union des Batelies Artisans L\u2019Union des Bateliers Artisans ou l\u2019\u00a0\u00bbUnion de Bruges\u00a0\u00bb, comme on appelle aussi parfois l&rsquo;association dans le milieu batelier, a connu une histoire mouvement\u00e9e, mais pr\u00e9cis\u00e9ment, gr\u00e2ce \u00e0 cette riche exp\u00e9rience, l&rsquo;association garantit un avenir f\u00e9cond &#8230; lire plus<\/p>\n","protected":false},"author":1,"featured_media":0,"parent":0,"menu_order":0,"comment_status":"closed","ping_status":"closed","template":"","meta":{"_acf_changed":false,"footnotes":""},"class_list":["post-3477","page","type-page","status-publish","hentry"],"acf":[],"_links":{"self":[{"href":"https:\/\/hetnieuweroer.be\/fr\/wp-json\/wp\/v2\/pages\/3477\/"}],"collection":[{"href":"https:\/\/hetnieuweroer.be\/fr\/wp-json\/wp\/v2\/pages\/"}],"about":[{"href":"https:\/\/hetnieuweroer.be\/fr\/wp-json\/wp\/v2\/types\/page\/"}],"author":[{"embeddable":true,"href":"https:\/\/hetnieuweroer.be\/fr\/wp-json\/wp\/v2\/users\/1\/"}],"replies":[{"embeddable":true,"href":"https:\/\/hetnieuweroer.be\/fr\/wp-json\/wp\/v2\/comments\/?post=3477"}],"version-history":[{"count":6,"href":"https:\/\/hetnieuweroer.be\/fr\/wp-json\/wp\/v2\/pages\/3477\/revisions\/"}],"predecessor-version":[{"id":3881,"href":"https:\/\/hetnieuweroer.be\/fr\/wp-json\/wp\/v2\/pages\/3477\/revisions\/3881\/"}],"wp:attachment":[{"href":"https:\/\/hetnieuweroer.be\/fr\/wp-json\/wp\/v2\/media\/?parent=3477"}],"curies":[{"name":"wp","href":"https:\/\/api.w.org\/{rel}","templated":true}]}}