{"id":3468,"date":"2015-10-13T16:27:09","date_gmt":"2015-10-13T15:27:09","guid":{"rendered":"http:\/\/hetnieuweroer.be\/fr\/raad-van-bestuur\/"},"modified":"2024-09-17T08:38:07","modified_gmt":"2024-09-17T07:38:07","slug":"raad-van-bestuur","status":"publish","type":"page","link":"https:\/\/hetnieuweroer.be\/fr\/bond-van-eigenschippers\/raad-van-bestuur\/","title":{"rendered":"Conseil d\u2019Administration"},"content":{"rendered":"<h1>Conseil d\u2019Administration<\/h1>\n<p>L\u2019union des Bateliers Artisans est administr\u00e9e par un Conseil d\u2019Administration compos\u00e9 de dix-sept membres enthousiastes qui, chacun, ont pris sur eux un bon nombre de t\u00e2ches clairement d\u00e9finies. Ils si\u00e8gent librement et sont pleinement engag\u00e9s dans l\u2019association.<\/p>\n<ul>\n<li>Adam Sharon, Directeur<\/li>\n<li>Albrecht Emmanuel, Administrateur<\/li>\n<li>Cant Maarten, Administrateur<\/li>\n<li>Govaert Emiel, Administrateur<\/li>\n<li>Lahaye Patrick, Administrateur<\/li>\n<li>Marnef Dylan, Administrateur<\/li>\n<li>Marnef Patrick, Administrateur<\/li>\n<li>Pylyser Donat, Administrateur<\/li>\n<li>Vandeweghe Erik, Pr\u00e9sident<\/li>\n<li>Vanhaecke Guy, Administrateur<\/li>\n<li>Vanhaecke Rudi, Vice-Pr\u00e9sident<\/li>\n<li>Verheijen Jean, Administrateur<\/li>\n<li>Vermeulen Luc, Administrateur<\/li>\n<li>Vermeulen Pascal, Administrateur<\/li>\n<li>Van Lancker Christiaan, Collaborateur<\/li>\n<li>Willaert Rudy, Administrateur<\/li>\n<\/ul>\n","protected":false},"excerpt":{"rendered":"<p>Conseil d\u2019Administration L\u2019union des Bateliers Artisans est administr\u00e9e par un Conseil d\u2019Administration compos\u00e9 de dix-sept membres enthousiastes qui, chacun, ont pris sur eux un bon nombre de t\u00e2ches clairement d\u00e9finies. Ils si\u00e8gent librement et sont pleinement engag\u00e9s dans l\u2019association. Adam Sharon, Directeur Albrecht Emmanuel, Administrateur Cant Maarten, Administrateur Govaert Emiel, Administrateur Lahaye Patrick, Administrateur Marnef&#8230;<\/p>\n","protected":false},"author":1,"featured_media":0,"parent":3477,"menu_order":0,"comment_status":"closed","ping_status":"closed","template":"","meta":{"_acf_changed":false,"footnotes":""},"class_list":["post-3468","page","type-page","status-publish","hentry"],"acf":[],"_links":{"self":[{"href":"https:\/\/hetnieuweroer.be\/fr\/wp-json\/wp\/v2\/pages\/3468\/"}],"collection":[{"href":"https:\/\/hetnieuweroer.be\/fr\/wp-json\/wp\/v2\/pages\/"}],"about":[{"href":"https:\/\/hetnieuweroer.be\/fr\/wp-json\/wp\/v2\/types\/page\/"}],"author":[{"embeddable":true,"href":"https:\/\/hetnieuweroer.be\/fr\/wp-json\/wp\/v2\/users\/1\/"}],"replies":[{"embeddable":true,"href":"https:\/\/hetnieuweroer.be\/fr\/wp-json\/wp\/v2\/comments\/?post=3468"}],"version-history":[{"count":6,"href":"https:\/\/hetnieuweroer.be\/fr\/wp-json\/wp\/v2\/pages\/3468\/revisions\/"}],"predecessor-version":[{"id":7350,"href":"https:\/\/hetnieuweroer.be\/fr\/wp-json\/wp\/v2\/pages\/3468\/revisions\/7350\/"}],"up":[{"embeddable":true,"href":"https:\/\/hetnieuweroer.be\/fr\/wp-json\/wp\/v2\/pages\/3477\/"}],"wp:attachment":[{"href":"https:\/\/hetnieuweroer.be\/fr\/wp-json\/wp\/v2\/media\/?parent=3468"}],"curies":[{"name":"wp","href":"https:\/\/api.w.org\/{rel}","templated":true}]}}