{"id":3414,"date":"2015-05-31T19:34:21","date_gmt":"2015-05-31T18:34:21","guid":{"rendered":"http:\/\/hetnieuweroer.be\/fr\/?page_id=3414"},"modified":"2016-04-11T16:28:35","modified_gmt":"2016-04-11T15:28:35","slug":"documenten","status":"publish","type":"page","link":"https:\/\/hetnieuweroer.be\/fr\/infocenter\/documenten\/","title":{"rendered":"Documents"},"content":{"rendered":"<div id=\"pl-3414\"  class=\"panel-layout\" ><div id=\"pg-3414-0\"  class=\"panel-grid panel-no-style\" ><div id=\"pgc-3414-0-0\"  class=\"panel-grid-cell\" ><div id=\"panel-3414-0-0-0\" class=\"so-panel widget widget_black-studio-tinymce widget_black_studio_tinymce panel-first-child panel-last-child\" data-index=\"0\" ><div class=\"textwidget\"><h1>Documenten<\/h1>\n<p><div id=\"documentcenter\"><form method=\"post\" action=\"\/\" id=\"docusearch_form\"><div class=\"documentcenter_searchitem\"><label for=\"partner\">Partenaire<\/label><select id=\"partner\" name=\"partner\"><option value=\"0\">Choisissez un partenaire<\/option><option value=\"33\">ARAG<\/option><option value=\"5\">AXA Belgium<\/option><option value=\"17\">Algemene documenten<\/option><option value=\"126\">Amlin<\/option><option value=\"21\">BDM<\/option><option value=\"14\">Baloise Insurance<\/option><option value=\"158\">DKV Belgium<\/option><option value=\"104\">Euromex N.V.<\/option><option value=\"13\">Fidea<\/option><option value=\"19\">Jan Verheyen<\/option><option value=\"49\">LAR<\/option><option value=\"2\">NN Group<\/option><option value=\"9\">VIVIUM<\/option><\/select><\/div><div class=\"documentcenter_searchitem\"><label for=\"category\">Cat\u00e9gorie<\/label><select id=\"category\" name=\"category\"><option value=\"all\">Choisissez une cat\u00e9gorie<\/option><option value=\"22\">D\u00e9claration de sinistres g\u00e9n\u00e9rales<\/option><option value=\"26\">Conditions g\u00e9n\u00e9rales par entreprise<\/option><option value=\"25\">Fiches d\u2019information Financi\u00e8re par entreprise<\/option><option value=\"106\">Invulformulieren per maatschappij<\/option><option value=\"127\">IPID - Insurance Product Information Document<\/option><option value=\"24\">Fiches de produit par entreprise<\/option><option value=\"23\">D\u00e9claration de sinistres par entreprise<\/option><\/select><\/div><div class=\"documentcenter_searchitem\" id=\"freesearch_form\" style=\"display: none;\"><label for=\"free-search\">Filtrer les r\u00e9sultats<\/label><input type=\"text\" name=\"free-search\" id=\"free-search\" \/><\/div><button class=\"btn-main\" type=\"submit\">Voir les documents<\/button><\/form><div id=\"loader\" style=\"display: none;\"><img decoding=\"async\" src=\"https:\/\/hetnieuweroer.be\/wp-content\/plugins\/insu_docusearch\/images\/ajax-loader.gif\" \/><\/div><div id=\"nrresults\"><\/div><div id=\"results\"><\/div><\/div><\/p>\n<\/div><\/div><\/div><div id=\"pgc-3414-0-1\"  class=\"panel-grid-cell\" ><div id=\"panel-3414-0-1-0\" class=\"so-panel widget widget_insusite_contentblock_widget panel-first-child panel-last-child\" data-index=\"1\" ><div class=\"aside-blok panel-widget-style panel-widget-style-for-3414-0-1-0\" ><div class=\"insusite-content-block\"><div class=\"block-content\"><h3>Liens utils<\/h3><div class=\"block-content-p\">Quelques liens utiles pour la pr\u00e9vention, les associations de courtiers et d'autres liens.<\/div><a class=\"btn-third\" href=\"\/\/hetnieuweroer.be\/fr\/nuttige-links\" title=\"Liens utils\">Consultez les liens<\/a><\/div><\/div><\/div><\/div>\n<\/div><\/div><\/div>","protected":false},"excerpt":{"rendered":"<p>Documenten<\/p>\n","protected":false},"author":1,"featured_media":0,"parent":3665,"menu_order":0,"comment_status":"closed","ping_status":"closed","template":"","meta":{"_acf_changed":false,"footnotes":""},"class_list":["post-3414","page","type-page","status-publish","hentry"],"acf":[],"_links":{"self":[{"href":"https:\/\/hetnieuweroer.be\/fr\/wp-json\/wp\/v2\/pages\/3414\/"}],"collection":[{"href":"https:\/\/hetnieuweroer.be\/fr\/wp-json\/wp\/v2\/pages\/"}],"about":[{"href":"https:\/\/hetnieuweroer.be\/fr\/wp-json\/wp\/v2\/types\/page\/"}],"author":[{"embeddable":true,"href":"https:\/\/hetnieuweroer.be\/fr\/wp-json\/wp\/v2\/users\/1\/"}],"replies":[{"embeddable":true,"href":"https:\/\/hetnieuweroer.be\/fr\/wp-json\/wp\/v2\/comments\/?post=3414"}],"version-history":[{"count":5,"href":"https:\/\/hetnieuweroer.be\/fr\/wp-json\/wp\/v2\/pages\/3414\/revisions\/"}],"predecessor-version":[{"id":3670,"href":"https:\/\/hetnieuweroer.be\/fr\/wp-json\/wp\/v2\/pages\/3414\/revisions\/3670\/"}],"up":[{"embeddable":true,"href":"https:\/\/hetnieuweroer.be\/fr\/wp-json\/wp\/v2\/pages\/3665\/"}],"wp:attachment":[{"href":"https:\/\/hetnieuweroer.be\/fr\/wp-json\/wp\/v2\/media\/?parent=3414"}],"curies":[{"name":"wp","href":"https:\/\/api.w.org\/{rel}","templated":true}]}}